{"id":1044,"date":"2025-06-06T20:50:47","date_gmt":"2025-06-06T13:50:47","guid":{"rendered":"https:\/\/mangamaniak.com\/product\/ace\/"},"modified":"2025-06-24T14:46:16","modified_gmt":"2025-06-24T07:46:16","slug":"ace","status":"publish","type":"product","link":"https:\/\/mangamaniak.com\/en\/product\/ace\/","title":{"rendered":"Ace"},"content":{"rendered":"<p>L&rsquo;\u00c9p\u00e9e L\u00e9gendaire de Gol D. Roger &#8211; Ace !<\/p>\n<p>Revivez la gloire du Roi des Pirates avec cette r\u00e9plique 100cm de Ace, l&rsquo;\u00e9p\u00e9e mythique qui a conquis Grand Line et qui a tenu t\u00eate \u00e0 la Marine. Son design sobre mais imposant, raconte l&rsquo;histoire du seul pirate \u00e0 avoir tout conquis et est une pi\u00e8ce qui vaut plus qu&rsquo;un tr\u00e9sor&#8230; un h\u00e9ritage !\u00a0\u00bb<\/p>","protected":false},"excerpt":{"rendered":"<p>L&rsquo;\u00c9p\u00e9e L\u00e9gendaire de Gol D. Roger &#8211; Ace ! Revivez la gloire du Roi des Pirates avec cette r\u00e9plique 100cm [&hellip;]<\/p>\n","protected":false},"featured_media":881,"comment_status":"open","ping_status":"closed","template":"","meta":{"_crdt_document":"","_uag_custom_page_level_css":"","site-sidebar-layout":"default","site-content-layout":"","ast-site-content-layout":"default","site-content-style":"default","site-sidebar-style":"default","ast-global-header-display":"","ast-banner-title-visibility":"","ast-main-header-display":"","ast-hfb-above-header-display":"","ast-hfb-below-header-display":"","ast-hfb-mobile-header-display":"","site-post-title":"","ast-breadcrumbs-content":"","ast-featured-img":"","footer-sml-layout":"","theme-transparent-header-meta":"","adv-header-id-meta":"","stick-header-meta":"","header-above-stick-meta":"","header-main-stick-meta":"","header-below-stick-meta":"","astra-migrate-meta-layouts":"default","ast-page-background-enabled":"default","ast-page-background-meta":{"desktop":{"background-color":"var(--ast-global-color-4)","background-image":"","background-repeat":"repeat","background-position":"center center","background-size":"auto","background-attachment":"scroll","background-type":"","background-media":"","overlay-type":"","overlay-color":"","overlay-opacity":"","overlay-gradient":""},"tablet":{"background-color":"","background-image":"","background-repeat":"repeat","background-position":"center center","background-size":"auto","background-attachment":"scroll","background-type":"","background-media":"","overlay-type":"","overlay-color":"","overlay-opacity":"","overlay-gradient":""},"mobile":{"background-color":"","background-image":"","background-repeat":"repeat","background-position":"center center","background-size":"auto","background-attachment":"scroll","background-type":"","background-media":"","overlay-type":"","overlay-color":"","overlay-opacity":"","overlay-gradient":""}},"ast-content-background-meta":{"desktop":{"background-color":"var(--ast-global-color-5)","background-image":"","background-repeat":"repeat","background-position":"center center","background-size":"auto","background-attachment":"scroll","background-type":"","background-media":"","overlay-type":"","overlay-color":"","overlay-opacity":"","overlay-gradient":""},"tablet":{"background-color":"var(--ast-global-color-5)","background-image":"","background-repeat":"repeat","background-position":"center center","background-size":"auto","background-attachment":"scroll","background-type":"","background-media":"","overlay-type":"","overlay-color":"","overlay-opacity":"","overlay-gradient":""},"mobile":{"background-color":"var(--ast-global-color-5)","background-image":"","background-repeat":"repeat","background-position":"center center","background-size":"auto","background-attachment":"scroll","background-type":"","background-media":"","overlay-type":"","overlay-color":"","overlay-opacity":"","overlay-gradient":""}},"advanced_seo_description":"","jetpack_seo_html_title":"","jetpack_seo_noindex":false,"jetpack_publicize_message":"","jetpack_publicize_feature_enabled":true,"jetpack_social_post_already_shared":true,"jetpack_social_options":{"image_generator_settings":{"template":"highway","default_image_id":0,"font":"","enabled":false},"version":2},"_wpas_customize_per_network":false},"product_brand":[],"product_cat":[1378],"product_tag":[1395],"class_list":{"0":"post-1044","1":"product","2":"type-product","3":"status-publish","4":"has-post-thumbnail","6":"product_cat-one-piece","7":"product_tag-gol-d-roger","8":"product_shipping_class-poster-par-mondial-relay","9":"desktop-align-left","10":"tablet-align-left","11":"mobile-align-left","12":"ast-product-gallery-layout-horizontal-slider","13":"ast-product-gallery-with-no-image","14":"ast-product-tabs-layout-horizontal","16":"first","17":"instock","18":"shipping-taxable","19":"purchasable","20":"product-type-simple"},"jetpack_publicize_connections":[],"uagb_featured_image_src":{"full":["https:\/\/i0.wp.com\/mangamaniak.com\/wp-content\/uploads\/2025\/06\/29.jpg?fit=1200%2C1200&ssl=1",1200,1200,false],"thumbnail":["https:\/\/i0.wp.com\/mangamaniak.com\/wp-content\/uploads\/2025\/06\/29.jpg?resize=150%2C150&ssl=1",150,150,true],"medium":["https:\/\/i0.wp.com\/mangamaniak.com\/wp-content\/uploads\/2025\/06\/29.jpg?fit=300%2C300&ssl=1",300,300,true],"medium_large":["https:\/\/i0.wp.com\/mangamaniak.com\/wp-content\/uploads\/2025\/06\/29.jpg?fit=768%2C768&ssl=1",768,768,true],"large":["https:\/\/i0.wp.com\/mangamaniak.com\/wp-content\/uploads\/2025\/06\/29.jpg?fit=1024%2C1024&ssl=1",1024,1024,true],"1536x1536":["https:\/\/i0.wp.com\/mangamaniak.com\/wp-content\/uploads\/2025\/06\/29.jpg?fit=1200%2C1200&ssl=1",1200,1200,true],"2048x2048":["https:\/\/i0.wp.com\/mangamaniak.com\/wp-content\/uploads\/2025\/06\/29.jpg?fit=1200%2C1200&ssl=1",1200,1200,true],"trp-custom-language-flag":["https:\/\/i0.wp.com\/mangamaniak.com\/wp-content\/uploads\/2025\/06\/29.jpg?fit=12%2C12&ssl=1",12,12,true],"newspack-article-block-landscape-large":["https:\/\/i0.wp.com\/mangamaniak.com\/wp-content\/uploads\/2025\/06\/29.jpg?resize=1200%2C900&ssl=1",1200,900,true],"newspack-article-block-portrait-large":["https:\/\/i0.wp.com\/mangamaniak.com\/wp-content\/uploads\/2025\/06\/29.jpg?resize=900%2C1200&ssl=1",900,1200,true],"newspack-article-block-square-large":["https:\/\/i0.wp.com\/mangamaniak.com\/wp-content\/uploads\/2025\/06\/29.jpg?resize=1200%2C1200&ssl=1",1200,1200,true],"newspack-article-block-landscape-medium":["https:\/\/i0.wp.com\/mangamaniak.com\/wp-content\/uploads\/2025\/06\/29.jpg?resize=800%2C600&ssl=1",800,600,true],"newspack-article-block-portrait-medium":["https:\/\/i0.wp.com\/mangamaniak.com\/wp-content\/uploads\/2025\/06\/29.jpg?resize=600%2C800&ssl=1",600,800,true],"newspack-article-block-square-medium":["https:\/\/i0.wp.com\/mangamaniak.com\/wp-content\/uploads\/2025\/06\/29.jpg?resize=800%2C800&ssl=1",800,800,true],"newspack-article-block-landscape-intermediate":["https:\/\/i0.wp.com\/mangamaniak.com\/wp-content\/uploads\/2025\/06\/29.jpg?resize=600%2C450&ssl=1",600,450,true],"newspack-article-block-portrait-intermediate":["https:\/\/i0.wp.com\/mangamaniak.com\/wp-content\/uploads\/2025\/06\/29.jpg?resize=450%2C600&ssl=1",450,600,true],"newspack-article-block-square-intermediate":["https:\/\/i0.wp.com\/mangamaniak.com\/wp-content\/uploads\/2025\/06\/29.jpg?resize=600%2C600&ssl=1",600,600,true],"newspack-article-block-landscape-small":["https:\/\/i0.wp.com\/mangamaniak.com\/wp-content\/uploads\/2025\/06\/29.jpg?resize=400%2C300&ssl=1",400,300,true],"newspack-article-block-portrait-small":["https:\/\/i0.wp.com\/mangamaniak.com\/wp-content\/uploads\/2025\/06\/29.jpg?resize=300%2C400&ssl=1",300,400,true],"newspack-article-block-square-small":["https:\/\/i0.wp.com\/mangamaniak.com\/wp-content\/uploads\/2025\/06\/29.jpg?resize=400%2C400&ssl=1",400,400,true],"newspack-article-block-landscape-tiny":["https:\/\/i0.wp.com\/mangamaniak.com\/wp-content\/uploads\/2025\/06\/29.jpg?resize=200%2C150&ssl=1",200,150,true],"newspack-article-block-portrait-tiny":["https:\/\/i0.wp.com\/mangamaniak.com\/wp-content\/uploads\/2025\/06\/29.jpg?resize=150%2C200&ssl=1",150,200,true],"newspack-article-block-square-tiny":["https:\/\/i0.wp.com\/mangamaniak.com\/wp-content\/uploads\/2025\/06\/29.jpg?resize=200%2C200&ssl=1",200,200,true],"newspack-article-block-uncropped":["https:\/\/i0.wp.com\/mangamaniak.com\/wp-content\/uploads\/2025\/06\/29.jpg?fit=1200%2C1200&ssl=1",1200,1200,true],"woocommerce_thumbnail":["https:\/\/i0.wp.com\/mangamaniak.com\/wp-content\/uploads\/2025\/06\/29.jpg?resize=300%2C300&ssl=1",300,300,true],"woocommerce_single":["https:\/\/i0.wp.com\/mangamaniak.com\/wp-content\/uploads\/2025\/06\/29.jpg?fit=600%2C600&ssl=1",600,600,true],"woocommerce_gallery_thumbnail":["https:\/\/i0.wp.com\/mangamaniak.com\/wp-content\/uploads\/2025\/06\/29.jpg?resize=100%2C100&ssl=1",100,100,true]},"uagb_author_info":{"display_name":"infoa53d4f33806","author_link":"https:\/\/mangamaniak.com\/en\/author\/"},"uagb_comment_info":0,"uagb_excerpt":"L&rsquo;\u00c9p\u00e9e L\u00e9gendaire de Gol D. Roger &#8211; Ace ! Revivez la gloire du Roi des Pirates avec cette r\u00e9plique 100cm [&hellip;]","jetpack_likes_enabled":true,"jetpack_sharing_enabled":true,"jetpack-related-posts":[],"_links":{"self":[{"href":"https:\/\/mangamaniak.com\/en\/wp-json\/wp\/v2\/product\/1044","targetHints":{"allow":["GET"]}}],"collection":[{"href":"https:\/\/mangamaniak.com\/en\/wp-json\/wp\/v2\/product"}],"about":[{"href":"https:\/\/mangamaniak.com\/en\/wp-json\/wp\/v2\/types\/product"}],"replies":[{"embeddable":true,"href":"https:\/\/mangamaniak.com\/en\/wp-json\/wp\/v2\/comments?post=1044"}],"wp:featuredmedia":[{"embeddable":true,"href":"https:\/\/mangamaniak.com\/en\/wp-json\/wp\/v2\/media\/881"}],"wp:attachment":[{"href":"https:\/\/mangamaniak.com\/en\/wp-json\/wp\/v2\/media?parent=1044"}],"wp:term":[{"taxonomy":"product_brand","embeddable":true,"href":"https:\/\/mangamaniak.com\/en\/wp-json\/wp\/v2\/product_brand?post=1044"},{"taxonomy":"product_cat","embeddable":true,"href":"https:\/\/mangamaniak.com\/en\/wp-json\/wp\/v2\/product_cat?post=1044"},{"taxonomy":"product_tag","embeddable":true,"href":"https:\/\/mangamaniak.com\/en\/wp-json\/wp\/v2\/product_tag?post=1044"}],"curies":[{"name":"wp","href":"https:\/\/api.w.org\/{rel}","templated":true}]}}