{"id":1539,"date":"2025-06-19T15:12:18","date_gmt":"2025-06-19T08:12:18","guid":{"rendered":"https:\/\/mangamaniak.com\/?post_type=product&#038;p=1539"},"modified":"2025-09-16T17:39:21","modified_gmt":"2025-09-16T10:39:21","slug":"huile-pour-katana-katana-oil-30ml","status":"publish","type":"product","link":"https:\/\/mangamaniak.com\/en\/product\/huile-pour-katana-katana-oil-30ml\/","title":{"rendered":"Huile Pour Katana  30ml"},"content":{"rendered":"<h5 style=\"text-align: center;\">Huile Pour Katana \u00ab\u00a0Katana Oil\u00a0\u00bb 30ml<\/h5>\n<p>&nbsp;<\/p>\n<h4 style=\"text-align: center;\">Pour pr\u00e9server la beaut\u00e9 et la long\u00e9vit\u00e9 de votre katana, un entretien r\u00e9gulier avec une huile adapt\u00e9e est essentiel.<br \/>\nNotre coffret contient une huile min\u00e9rale de qualit\u00e9, id\u00e9ale pour prot\u00e9ger la lame de l\u2019oxydation et des agressions du temps.<br \/>\nIl est livr\u00e9 avec deux chiffons en su\u00e9dine douce, sp\u00e9cialement con\u00e7us pour nettoyer et huiler la lame sans l\u2019ab\u00eemer.<\/h4>\n<h4 style=\"text-align: center;\">Un geste simple, pour honorer l\u2019arme et prolonger son \u00e9clat.<\/h4>\n<h5 style=\"text-align: center;\"><span data-huuid=\"16291497681236644471\"><span class=\"pjBG2e\" data-cid=\"8819d774-1419-470d-93d4-428b55d272b4\"><span class=\"UV3uM\">&#8211; 30ml &#8211;<\/span><\/span><\/span><\/h5>","protected":false},"excerpt":{"rendered":"<p>Huile Pour Katana \u00ab\u00a0Katana Oil\u00a0\u00bb 30ml &nbsp; Pour pr\u00e9server la beaut\u00e9 et la long\u00e9vit\u00e9 de votre katana, un entretien r\u00e9gulier [&hellip;]<\/p>\n","protected":false},"featured_media":1541,"comment_status":"open","ping_status":"closed","template":"","meta":{"_crdt_document":"","_uag_custom_page_level_css":"","site-sidebar-layout":"default","site-content-layout":"","ast-site-content-layout":"default","site-content-style":"default","site-sidebar-style":"default","ast-global-header-display":"","ast-banner-title-visibility":"","ast-main-header-display":"","ast-hfb-above-header-display":"","ast-hfb-below-header-display":"","ast-hfb-mobile-header-display":"","site-post-title":"","ast-breadcrumbs-content":"","ast-featured-img":"","footer-sml-layout":"","theme-transparent-header-meta":"default","adv-header-id-meta":"","stick-header-meta":"","header-above-stick-meta":"","header-main-stick-meta":"","header-below-stick-meta":"","astra-migrate-meta-layouts":"set","ast-page-background-enabled":"default","ast-page-background-meta":{"desktop":{"background-color":"var(--ast-global-color-4)","background-image":"","background-repeat":"repeat","background-position":"center center","background-size":"auto","background-attachment":"scroll","background-type":"","background-media":"","overlay-type":"","overlay-color":"","overlay-opacity":"","overlay-gradient":""},"tablet":{"background-color":"","background-image":"","background-repeat":"repeat","background-position":"center center","background-size":"auto","background-attachment":"scroll","background-type":"","background-media":"","overlay-type":"","overlay-color":"","overlay-opacity":"","overlay-gradient":""},"mobile":{"background-color":"","background-image":"","background-repeat":"repeat","background-position":"center center","background-size":"auto","background-attachment":"scroll","background-type":"","background-media":"","overlay-type":"","overlay-color":"","overlay-opacity":"","overlay-gradient":""}},"ast-content-background-meta":{"desktop":{"background-color":"var(--ast-global-color-5)","background-image":"","background-repeat":"repeat","background-position":"center center","background-size":"auto","background-attachment":"scroll","background-type":"","background-media":"","overlay-type":"","overlay-color":"","overlay-opacity":"","overlay-gradient":""},"tablet":{"background-color":"var(--ast-global-color-5)","background-image":"","background-repeat":"repeat","background-position":"center center","background-size":"auto","background-attachment":"scroll","background-type":"","background-media":"","overlay-type":"","overlay-color":"","overlay-opacity":"","overlay-gradient":""},"mobile":{"background-color":"var(--ast-global-color-5)","background-image":"","background-repeat":"repeat","background-position":"center center","background-size":"auto","background-attachment":"scroll","background-type":"","background-media":"","overlay-type":"","overlay-color":"","overlay-opacity":"","overlay-gradient":""}},"advanced_seo_description":"","jetpack_seo_html_title":"","jetpack_seo_noindex":false,"jetpack_publicize_message":"","jetpack_publicize_feature_enabled":true,"jetpack_social_post_already_shared":true,"jetpack_social_options":{"image_generator_settings":{"template":"highway","default_image_id":0,"font":"","enabled":false},"version":2},"_wpas_customize_per_network":false},"product_brand":[],"product_cat":[1442],"product_tag":[1447],"class_list":{"0":"post-1539","1":"product","2":"type-product","3":"status-publish","4":"has-post-thumbnail","6":"product_cat-huile-pour-katana","7":"product_tag-katana-oil","8":"product_shipping_class-poster-par-mondial-relay","9":"desktop-align-left","10":"tablet-align-left","11":"mobile-align-left","12":"ast-product-gallery-layout-horizontal-slider","13":"ast-product-tabs-layout-horizontal","15":"first","16":"instock","17":"shipping-taxable","18":"purchasable","19":"product-type-simple"},"jetpack_publicize_connections":[],"uagb_featured_image_src":{"full":["https:\/\/i0.wp.com\/mangamaniak.com\/wp-content\/uploads\/2025\/06\/ChatGPT-Image-Jun-19-2025-02_56_12-PM.png?fit=1024%2C1024&ssl=1",1024,1024,false],"thumbnail":["https:\/\/i0.wp.com\/mangamaniak.com\/wp-content\/uploads\/2025\/06\/ChatGPT-Image-Jun-19-2025-02_56_12-PM.png?resize=150%2C150&ssl=1",150,150,true],"medium":["https:\/\/i0.wp.com\/mangamaniak.com\/wp-content\/uploads\/2025\/06\/ChatGPT-Image-Jun-19-2025-02_56_12-PM.png?fit=300%2C300&ssl=1",300,300,true],"medium_large":["https:\/\/i0.wp.com\/mangamaniak.com\/wp-content\/uploads\/2025\/06\/ChatGPT-Image-Jun-19-2025-02_56_12-PM.png?fit=768%2C768&ssl=1",768,768,true],"large":["https:\/\/i0.wp.com\/mangamaniak.com\/wp-content\/uploads\/2025\/06\/ChatGPT-Image-Jun-19-2025-02_56_12-PM.png?fit=1024%2C1024&ssl=1",1024,1024,true],"1536x1536":["https:\/\/i0.wp.com\/mangamaniak.com\/wp-content\/uploads\/2025\/06\/ChatGPT-Image-Jun-19-2025-02_56_12-PM.png?fit=1024%2C1024&ssl=1",1024,1024,true],"2048x2048":["https:\/\/i0.wp.com\/mangamaniak.com\/wp-content\/uploads\/2025\/06\/ChatGPT-Image-Jun-19-2025-02_56_12-PM.png?fit=1024%2C1024&ssl=1",1024,1024,true],"trp-custom-language-flag":["https:\/\/i0.wp.com\/mangamaniak.com\/wp-content\/uploads\/2025\/06\/ChatGPT-Image-Jun-19-2025-02_56_12-PM.png?fit=12%2C12&ssl=1",12,12,true],"newspack-article-block-landscape-large":["https:\/\/i0.wp.com\/mangamaniak.com\/wp-content\/uploads\/2025\/06\/ChatGPT-Image-Jun-19-2025-02_56_12-PM.png?resize=1024%2C900&ssl=1",1024,900,true],"newspack-article-block-portrait-large":["https:\/\/i0.wp.com\/mangamaniak.com\/wp-content\/uploads\/2025\/06\/ChatGPT-Image-Jun-19-2025-02_56_12-PM.png?resize=900%2C1024&ssl=1",900,1024,true],"newspack-article-block-square-large":["https:\/\/i0.wp.com\/mangamaniak.com\/wp-content\/uploads\/2025\/06\/ChatGPT-Image-Jun-19-2025-02_56_12-PM.png?resize=1024%2C1024&ssl=1",1024,1024,true],"newspack-article-block-landscape-medium":["https:\/\/i0.wp.com\/mangamaniak.com\/wp-content\/uploads\/2025\/06\/ChatGPT-Image-Jun-19-2025-02_56_12-PM.png?resize=800%2C600&ssl=1",800,600,true],"newspack-article-block-portrait-medium":["https:\/\/i0.wp.com\/mangamaniak.com\/wp-content\/uploads\/2025\/06\/ChatGPT-Image-Jun-19-2025-02_56_12-PM.png?resize=600%2C800&ssl=1",600,800,true],"newspack-article-block-square-medium":["https:\/\/i0.wp.com\/mangamaniak.com\/wp-content\/uploads\/2025\/06\/ChatGPT-Image-Jun-19-2025-02_56_12-PM.png?resize=800%2C800&ssl=1",800,800,true],"newspack-article-block-landscape-intermediate":["https:\/\/i0.wp.com\/mangamaniak.com\/wp-content\/uploads\/2025\/06\/ChatGPT-Image-Jun-19-2025-02_56_12-PM.png?resize=600%2C450&ssl=1",600,450,true],"newspack-article-block-portrait-intermediate":["https:\/\/i0.wp.com\/mangamaniak.com\/wp-content\/uploads\/2025\/06\/ChatGPT-Image-Jun-19-2025-02_56_12-PM.png?resize=450%2C600&ssl=1",450,600,true],"newspack-article-block-square-intermediate":["https:\/\/i0.wp.com\/mangamaniak.com\/wp-content\/uploads\/2025\/06\/ChatGPT-Image-Jun-19-2025-02_56_12-PM.png?resize=600%2C600&ssl=1",600,600,true],"newspack-article-block-landscape-small":["https:\/\/i0.wp.com\/mangamaniak.com\/wp-content\/uploads\/2025\/06\/ChatGPT-Image-Jun-19-2025-02_56_12-PM.png?resize=400%2C300&ssl=1",400,300,true],"newspack-article-block-portrait-small":["https:\/\/i0.wp.com\/mangamaniak.com\/wp-content\/uploads\/2025\/06\/ChatGPT-Image-Jun-19-2025-02_56_12-PM.png?resize=300%2C400&ssl=1",300,400,true],"newspack-article-block-square-small":["https:\/\/i0.wp.com\/mangamaniak.com\/wp-content\/uploads\/2025\/06\/ChatGPT-Image-Jun-19-2025-02_56_12-PM.png?resize=400%2C400&ssl=1",400,400,true],"newspack-article-block-landscape-tiny":["https:\/\/i0.wp.com\/mangamaniak.com\/wp-content\/uploads\/2025\/06\/ChatGPT-Image-Jun-19-2025-02_56_12-PM.png?resize=200%2C150&ssl=1",200,150,true],"newspack-article-block-portrait-tiny":["https:\/\/i0.wp.com\/mangamaniak.com\/wp-content\/uploads\/2025\/06\/ChatGPT-Image-Jun-19-2025-02_56_12-PM.png?resize=150%2C200&ssl=1",150,200,true],"newspack-article-block-square-tiny":["https:\/\/i0.wp.com\/mangamaniak.com\/wp-content\/uploads\/2025\/06\/ChatGPT-Image-Jun-19-2025-02_56_12-PM.png?resize=200%2C200&ssl=1",200,200,true],"newspack-article-block-uncropped":["https:\/\/i0.wp.com\/mangamaniak.com\/wp-content\/uploads\/2025\/06\/ChatGPT-Image-Jun-19-2025-02_56_12-PM.png?fit=1024%2C1024&ssl=1",1024,1024,true],"woocommerce_thumbnail":["https:\/\/i0.wp.com\/mangamaniak.com\/wp-content\/uploads\/2025\/06\/ChatGPT-Image-Jun-19-2025-02_56_12-PM.png?resize=300%2C300&ssl=1",300,300,true],"woocommerce_single":["https:\/\/i0.wp.com\/mangamaniak.com\/wp-content\/uploads\/2025\/06\/ChatGPT-Image-Jun-19-2025-02_56_12-PM.png?fit=600%2C600&ssl=1",600,600,true],"woocommerce_gallery_thumbnail":["https:\/\/i0.wp.com\/mangamaniak.com\/wp-content\/uploads\/2025\/06\/ChatGPT-Image-Jun-19-2025-02_56_12-PM.png?resize=100%2C100&ssl=1",100,100,true]},"uagb_author_info":{"display_name":"infoa53d4f33806","author_link":"https:\/\/mangamaniak.com\/en\/author\/"},"uagb_comment_info":0,"uagb_excerpt":"Huile Pour Katana \u00ab\u00a0Katana Oil\u00a0\u00bb 30ml &nbsp; Pour pr\u00e9server la beaut\u00e9 et la long\u00e9vit\u00e9 de votre katana, un entretien r\u00e9gulier [&hellip;]","jetpack_likes_enabled":true,"jetpack_sharing_enabled":true,"jetpack-related-posts":[],"_links":{"self":[{"href":"https:\/\/mangamaniak.com\/en\/wp-json\/wp\/v2\/product\/1539","targetHints":{"allow":["GET"]}}],"collection":[{"href":"https:\/\/mangamaniak.com\/en\/wp-json\/wp\/v2\/product"}],"about":[{"href":"https:\/\/mangamaniak.com\/en\/wp-json\/wp\/v2\/types\/product"}],"replies":[{"embeddable":true,"href":"https:\/\/mangamaniak.com\/en\/wp-json\/wp\/v2\/comments?post=1539"}],"wp:featuredmedia":[{"embeddable":true,"href":"https:\/\/mangamaniak.com\/en\/wp-json\/wp\/v2\/media\/1541"}],"wp:attachment":[{"href":"https:\/\/mangamaniak.com\/en\/wp-json\/wp\/v2\/media?parent=1539"}],"wp:term":[{"taxonomy":"product_brand","embeddable":true,"href":"https:\/\/mangamaniak.com\/en\/wp-json\/wp\/v2\/product_brand?post=1539"},{"taxonomy":"product_cat","embeddable":true,"href":"https:\/\/mangamaniak.com\/en\/wp-json\/wp\/v2\/product_cat?post=1539"},{"taxonomy":"product_tag","embeddable":true,"href":"https:\/\/mangamaniak.com\/en\/wp-json\/wp\/v2\/product_tag?post=1539"}],"curies":[{"name":"wp","href":"https:\/\/api.w.org\/{rel}","templated":true}]}}